{"id":34,"date":"2026-02-02T12:09:25","date_gmt":"2026-02-02T11:09:25","guid":{"rendered":"https:\/\/fp02.depimtajamar.es\/?page_id=34"},"modified":"2026-02-09T12:03:28","modified_gmt":"2026-02-09T11:03:28","slug":"formacion-a-empresas","status":"publish","type":"page","link":"https:\/\/fp02.depimtajamar.es\/index.php\/formacion-a-empresas\/","title":{"rendered":"Formaci\u00f3n a empresas"},"content":{"rendered":"\t\t<div data-elementor-type=\"wp-page\" data-elementor-id=\"34\" class=\"elementor elementor-34\">\n\t\t\t\t<div class=\"elementor-element elementor-element-0130511 e-con-full e-flex wpr-particle-no wpr-jarallax-no wpr-parallax-no e-con e-parent\" data-id=\"0130511\" data-element_type=\"container\" data-settings=\"{&quot;background_background&quot;:&quot;classic&quot;}\">\n\t\t<div class=\"elementor-element elementor-element-83c0d0b e-con-full e-flex wpr-particle-no wpr-jarallax-no wpr-parallax-no e-con e-child\" data-id=\"83c0d0b\" data-element_type=\"container\" data-settings=\"{&quot;background_background&quot;:&quot;classic&quot;}\">\n\t\t<div class=\"elementor-element elementor-element-780a442 e-con-full e-flex wpr-particle-no wpr-jarallax-no wpr-parallax-no e-con e-child\" data-id=\"780a442\" data-element_type=\"container\" data-settings=\"{&quot;background_background&quot;:&quot;classic&quot;}\">\n\t\t\t\t<div class=\"elementor-element elementor-element-808bbb0 elementor-widget elementor-widget-image\" data-id=\"808bbb0\" data-element_type=\"widget\" data-widget_type=\"image.default\">\n\t\t\t\t\t\t\t\t\t\t\t\t\t\t\t\t<a href=\"https:\/\/fp02.depimtajamar.es\">\n\t\t\t\t\t\t\t<img decoding=\"async\" width=\"361\" height=\"131\" src=\"https:\/\/fp02.depimtajamar.es\/wp-content\/uploads\/2026\/02\/final-1.png\" class=\"attachment-large size-large wp-image-235\" alt=\"\" srcset=\"https:\/\/fp02.depimtajamar.es\/wp-content\/uploads\/2026\/02\/final-1.png 361w, https:\/\/fp02.depimtajamar.es\/wp-content\/uploads\/2026\/02\/final-1-300x109.png 300w\" sizes=\"(max-width: 361px) 100vw, 361px\" \/>\t\t\t\t\t\t\t\t<\/a>\n\t\t\t\t\t\t\t\t\t\t\t\t\t\t\t<\/div>\n\t\t\t\t<div class=\"elementor-element elementor-element-133d7de elementor-align-end elementor-icon-list--layout-traditional elementor-list-item-link-full_width elementor-widget elementor-widget-icon-list\" data-id=\"133d7de\" data-element_type=\"widget\" data-widget_type=\"icon-list.default\">\n\t\t\t\t\t\t\t<ul class=\"elementor-icon-list-items\">\n\t\t\t\t\t\t\t<li class=\"elementor-icon-list-item\">\n\t\t\t\t\t\t\t\t\t\t\t<span class=\"elementor-icon-list-icon\">\n\t\t\t\t\t\t\t<svg aria-hidden=\"true\" class=\"e-font-icon-svg e-fas-phone-alt\" viewBox=\"0 0 512 512\" xmlns=\"http:\/\/www.w3.org\/2000\/svg\"><path d=\"M497.39 361.8l-112-48a24 24 0 0 0-28 6.9l-49.6 60.6A370.66 370.66 0 0 1 130.6 204.11l60.6-49.6a23.94 23.94 0 0 0 6.9-28l-48-112A24.16 24.16 0 0 0 122.6.61l-104 24A24 24 0 0 0 0 48c0 256.5 207.9 464 464 464a24 24 0 0 0 23.4-18.6l24-104a24.29 24.29 0 0 0-14.01-27.6z\"><\/path><\/svg>\t\t\t\t\t\t<\/span>\n\t\t\t\t\t\t\t\t\t\t<span class=\"elementor-icon-list-text\"> 917571813<\/span>\n\t\t\t\t\t\t\t\t\t<\/li>\n\t\t\t\t\t\t<\/ul>\n\t\t\t\t\t\t<\/div>\n\t\t\t\t<div class=\"elementor-element elementor-element-ae3dfe0 e-grid-align-right elementor-shape-rounded elementor-grid-0 elementor-widget elementor-widget-social-icons\" data-id=\"ae3dfe0\" data-element_type=\"widget\" data-widget_type=\"social-icons.default\">\n\t\t\t\t\t\t\t<div class=\"elementor-social-icons-wrapper elementor-grid\" role=\"list\">\n\t\t\t\t\t\t\t<span class=\"elementor-grid-item\" role=\"listitem\">\n\t\t\t\t\t<a class=\"elementor-icon elementor-social-icon elementor-social-icon-facebook elementor-repeater-item-a23ebf4\" href=\"https:\/\/www.facebook.com\/colegiotajamar\/?locale=es_ES\" target=\"_blank\">\n\t\t\t\t\t\t<span class=\"elementor-screen-only\">Facebook<\/span>\n\t\t\t\t\t\t<svg aria-hidden=\"true\" class=\"e-font-icon-svg e-fab-facebook\" viewBox=\"0 0 512 512\" xmlns=\"http:\/\/www.w3.org\/2000\/svg\"><path d=\"M504 256C504 119 393 8 256 8S8 119 8 256c0 123.78 90.69 226.38 209.25 245V327.69h-63V256h63v-54.64c0-62.15 37-96.48 93.67-96.48 27.14 0 55.52 4.84 55.52 4.84v61h-31.28c-30.8 0-40.41 19.12-40.41 38.73V256h68.78l-11 71.69h-57.78V501C413.31 482.38 504 379.78 504 256z\"><\/path><\/svg>\t\t\t\t\t<\/a>\n\t\t\t\t<\/span>\n\t\t\t\t\t\t\t<span class=\"elementor-grid-item\" role=\"listitem\">\n\t\t\t\t\t<a class=\"elementor-icon elementor-social-icon elementor-social-icon-x-twitter elementor-repeater-item-f02d116\" href=\"https:\/\/x.com\/ColegioTajamar\" target=\"_blank\">\n\t\t\t\t\t\t<span class=\"elementor-screen-only\">X-twitter<\/span>\n\t\t\t\t\t\t<svg aria-hidden=\"true\" class=\"e-font-icon-svg e-fab-x-twitter\" viewBox=\"0 0 512 512\" xmlns=\"http:\/\/www.w3.org\/2000\/svg\"><path d=\"M389.2 48h70.6L305.6 224.2 487 464H345L233.7 318.6 106.5 464H35.8L200.7 275.5 26.8 48H172.4L272.9 180.9 389.2 48zM364.4 421.8h39.1L151.1 88h-42L364.4 421.8z\"><\/path><\/svg>\t\t\t\t\t<\/a>\n\t\t\t\t<\/span>\n\t\t\t\t\t\t\t<span class=\"elementor-grid-item\" role=\"listitem\">\n\t\t\t\t\t<a class=\"elementor-icon elementor-social-icon elementor-social-icon-youtube elementor-repeater-item-9822392\" href=\"https:\/\/www.youtube.com\/@TAJAMARtube\" target=\"_blank\">\n\t\t\t\t\t\t<span class=\"elementor-screen-only\">Youtube<\/span>\n\t\t\t\t\t\t<svg aria-hidden=\"true\" class=\"e-font-icon-svg e-fab-youtube\" viewBox=\"0 0 576 512\" xmlns=\"http:\/\/www.w3.org\/2000\/svg\"><path d=\"M549.655 124.083c-6.281-23.65-24.787-42.276-48.284-48.597C458.781 64 288 64 288 64S117.22 64 74.629 75.486c-23.497 6.322-42.003 24.947-48.284 48.597-11.412 42.867-11.412 132.305-11.412 132.305s0 89.438 11.412 132.305c6.281 23.65 24.787 41.5 48.284 47.821C117.22 448 288 448 288 448s170.78 0 213.371-11.486c23.497-6.321 42.003-24.171 48.284-47.821 11.412-42.867 11.412-132.305 11.412-132.305s0-89.438-11.412-132.305zm-317.51 213.508V175.185l142.739 81.205-142.739 81.201z\"><\/path><\/svg>\t\t\t\t\t<\/a>\n\t\t\t\t<\/span>\n\t\t\t\t\t<\/div>\n\t\t\t\t\t\t<\/div>\n\t\t\t\t<\/div>\n\t\t\t\t<\/div>\n\t\t\t\t<\/div>\n\t\t<div class=\"elementor-element elementor-element-89e447d e-con-full e-flex wpr-particle-no wpr-jarallax-no wpr-parallax-no wpr-sticky-section-no e-con e-parent\" data-id=\"89e447d\" data-element_type=\"container\" data-settings=\"{&quot;background_background&quot;:&quot;classic&quot;}\">\n\t\t<div class=\"elementor-element elementor-element-26b7f10 e-con-full e-flex wpr-particle-no wpr-jarallax-no wpr-parallax-no wpr-sticky-section-no e-con e-child\" data-id=\"26b7f10\" data-element_type=\"container\" data-settings=\"{&quot;background_background&quot;:&quot;classic&quot;}\">\n\t\t<div class=\"elementor-element elementor-element-7463ef3 e-con-full e-flex wpr-particle-no wpr-jarallax-no wpr-parallax-no wpr-sticky-section-no e-con e-child\" data-id=\"7463ef3\" data-element_type=\"container\" data-settings=\"{&quot;background_background&quot;:&quot;classic&quot;}\">\n\t\t<div class=\"elementor-element elementor-element-8dabd38 e-con-full e-flex wpr-particle-no wpr-jarallax-no wpr-parallax-no wpr-sticky-section-no e-con e-child\" data-id=\"8dabd38\" data-element_type=\"container\">\n\t\t\t\t<div class=\"elementor-element elementor-element-fb396da elementor-widget elementor-widget-image\" data-id=\"fb396da\" data-element_type=\"widget\" data-widget_type=\"image.default\">\n\t\t\t\t\t\t\t\t\t\t\t\t\t\t\t<img decoding=\"async\" width=\"114\" height=\"194\" src=\"https:\/\/fp02.depimtajamar.es\/wp-content\/uploads\/2026\/02\/escudo-nwegativo.png\" class=\"attachment-large size-large wp-image-249\" alt=\"\" \/>\t\t\t\t\t\t\t\t\t\t\t\t\t\t\t<\/div>\n\t\t\t\t<\/div>\n\t\t<div class=\"elementor-element elementor-element-031b0ac e-con-full e-flex wpr-particle-no wpr-jarallax-no wpr-parallax-no wpr-sticky-section-no e-con e-child\" data-id=\"031b0ac\" data-element_type=\"container\">\n\t\t\t\t<div class=\"elementor-element elementor-element-6e5c670 elementor-widget elementor-widget-text-editor\" data-id=\"6e5c670\" data-element_type=\"widget\" data-widget_type=\"text-editor.default\">\n\t\t\t\t\t\t\t\t\t<p>Direcci\u00f3n:<br \/><strong><a href=\"https:\/\/g.page\/tajamar?share\">Calle P\u00edo Felipe 12, 28038, Madrid<\/a><\/strong><\/p><p>Tel\u00e9fonos:<br \/><strong><a href=\"tel:+34917571813\">91 757 18 13<\/a>\u00a0<\/strong>\/\u00a0<strong><a href=\"tel:+34914783498\">91 478 34 98<\/a><\/strong><\/p>\t\t\t\t\t\t\t\t<\/div>\n\t\t\t\t<\/div>\n\t\t<div class=\"elementor-element elementor-element-dcb49d5 e-con-full e-flex wpr-particle-no wpr-jarallax-no wpr-parallax-no wpr-sticky-section-no e-con e-child\" data-id=\"dcb49d5\" data-element_type=\"container\">\n\t\t\t\t<div class=\"elementor-element elementor-element-91685a3 e-grid-align-right elementor-shape-rounded elementor-grid-0 elementor-widget elementor-widget-social-icons\" data-id=\"91685a3\" data-element_type=\"widget\" data-widget_type=\"social-icons.default\">\n\t\t\t\t\t\t\t<div class=\"elementor-social-icons-wrapper elementor-grid\" role=\"list\">\n\t\t\t\t\t\t\t<span class=\"elementor-grid-item\" role=\"listitem\">\n\t\t\t\t\t<a class=\"elementor-icon elementor-social-icon elementor-social-icon-facebook elementor-repeater-item-a23ebf4\" href=\"https:\/\/www.facebook.com\/colegiotajamar\/?locale=es_ES\" target=\"_blank\">\n\t\t\t\t\t\t<span class=\"elementor-screen-only\">Facebook<\/span>\n\t\t\t\t\t\t<svg aria-hidden=\"true\" class=\"e-font-icon-svg e-fab-facebook\" viewBox=\"0 0 512 512\" xmlns=\"http:\/\/www.w3.org\/2000\/svg\"><path d=\"M504 256C504 119 393 8 256 8S8 119 8 256c0 123.78 90.69 226.38 209.25 245V327.69h-63V256h63v-54.64c0-62.15 37-96.48 93.67-96.48 27.14 0 55.52 4.84 55.52 4.84v61h-31.28c-30.8 0-40.41 19.12-40.41 38.73V256h68.78l-11 71.69h-57.78V501C413.31 482.38 504 379.78 504 256z\"><\/path><\/svg>\t\t\t\t\t<\/a>\n\t\t\t\t<\/span>\n\t\t\t\t\t\t\t<span class=\"elementor-grid-item\" role=\"listitem\">\n\t\t\t\t\t<a class=\"elementor-icon elementor-social-icon elementor-social-icon-x-twitter elementor-repeater-item-f02d116\" href=\"https:\/\/x.com\/ColegioTajamar\" target=\"_blank\">\n\t\t\t\t\t\t<span class=\"elementor-screen-only\">X-twitter<\/span>\n\t\t\t\t\t\t<svg aria-hidden=\"true\" class=\"e-font-icon-svg e-fab-x-twitter\" viewBox=\"0 0 512 512\" xmlns=\"http:\/\/www.w3.org\/2000\/svg\"><path d=\"M389.2 48h70.6L305.6 224.2 487 464H345L233.7 318.6 106.5 464H35.8L200.7 275.5 26.8 48H172.4L272.9 180.9 389.2 48zM364.4 421.8h39.1L151.1 88h-42L364.4 421.8z\"><\/path><\/svg>\t\t\t\t\t<\/a>\n\t\t\t\t<\/span>\n\t\t\t\t\t\t\t<span class=\"elementor-grid-item\" role=\"listitem\">\n\t\t\t\t\t<a class=\"elementor-icon elementor-social-icon elementor-social-icon-youtube elementor-repeater-item-9822392\" href=\"https:\/\/www.youtube.com\/@TAJAMARtube\" target=\"_blank\">\n\t\t\t\t\t\t<span class=\"elementor-screen-only\">Youtube<\/span>\n\t\t\t\t\t\t<svg aria-hidden=\"true\" class=\"e-font-icon-svg e-fab-youtube\" viewBox=\"0 0 576 512\" xmlns=\"http:\/\/www.w3.org\/2000\/svg\"><path d=\"M549.655 124.083c-6.281-23.65-24.787-42.276-48.284-48.597C458.781 64 288 64 288 64S117.22 64 74.629 75.486c-23.497 6.322-42.003 24.947-48.284 48.597-11.412 42.867-11.412 132.305-11.412 132.305s0 89.438 11.412 132.305c6.281 23.65 24.787 41.5 48.284 47.821C117.22 448 288 448 288 448s170.78 0 213.371-11.486c23.497-6.321 42.003-24.171 48.284-47.821 11.412-42.867 11.412-132.305 11.412-132.305s0-89.438-11.412-132.305zm-317.51 213.508V175.185l142.739 81.205-142.739 81.201z\"><\/path><\/svg>\t\t\t\t\t<\/a>\n\t\t\t\t<\/span>\n\t\t\t\t\t<\/div>\n\t\t\t\t\t\t<\/div>\n\t\t\t\t<\/div>\n\t\t\t\t<\/div>\n\t\t\t\t<\/div>\n\t\t\t\t<\/div>\n\t\t\t\t<\/div>\n\t\t","protected":false},"excerpt":{"rendered":"<p>917571813 Facebook X-twitter Youtube Direcci\u00f3n:Calle P\u00edo Felipe 12, 28038, Madrid Tel\u00e9fonos:91 757 18 13\u00a0\/\u00a091 478 34 98 Facebook X-twitter Youtube<\/p>\n","protected":false},"author":1,"featured_media":0,"parent":0,"menu_order":0,"comment_status":"closed","ping_status":"closed","template":"elementor_canvas","meta":{"zakra_page_container_layout":"customizer","zakra_page_sidebar_layout":"customizer","zakra_remove_content_margin":false,"zakra_sidebar":"customizer","zakra_transparent_header":"customizer","zakra_logo":0,"zakra_main_header_style":"default","zakra_menu_item_color":"","zakra_menu_item_hover_color":"","zakra_menu_item_active_color":"","zakra_menu_active_style":"","zakra_page_header":true,"footnotes":""},"class_list":["post-34","page","type-page","status-publish","hentry"],"yoast_head":"<!-- This site is optimized with the Yoast SEO plugin v26.8 - https:\/\/yoast.com\/product\/yoast-seo-wordpress\/ -->\n<title>Formaci\u00f3n a empresas - fp-professional-education<\/title>\n<meta name=\"robots\" content=\"index, follow, max-snippet:-1, max-image-preview:large, max-video-preview:-1\" \/>\n<link rel=\"canonical\" href=\"https:\/\/fp02.depimtajamar.es\/index.php\/formacion-a-empresas\/\" \/>\n<meta property=\"og:locale\" content=\"es_ES\" \/>\n<meta property=\"og:type\" content=\"article\" \/>\n<meta property=\"og:title\" content=\"Formaci\u00f3n a empresas - fp-professional-education\" \/>\n<meta property=\"og:description\" content=\"917571813 Facebook X-twitter Youtube Direcci\u00f3n:Calle P\u00edo Felipe 12, 28038, Madrid Tel\u00e9fonos:91 757 18 13\u00a0\/\u00a091 478 34 98 Facebook X-twitter Youtube\" \/>\n<meta property=\"og:url\" content=\"https:\/\/fp02.depimtajamar.es\/index.php\/formacion-a-empresas\/\" \/>\n<meta property=\"og:site_name\" content=\"fp-professional-education\" \/>\n<meta property=\"article:modified_time\" content=\"2026-02-09T11:03:28+00:00\" \/>\n<meta property=\"og:image\" content=\"https:\/\/fp02.depimtajamar.es\/wp-content\/uploads\/2026\/02\/final-1.png\" \/>\n<meta name=\"twitter:card\" content=\"summary_large_image\" \/>\n<meta name=\"twitter:label1\" content=\"Tiempo de lectura\" \/>\n\t<meta name=\"twitter:data1\" content=\"1 minuto\" \/>\n<script type=\"application\/ld+json\" class=\"yoast-schema-graph\">{\"@context\":\"https:\/\/schema.org\",\"@graph\":[{\"@type\":\"WebPage\",\"@id\":\"https:\/\/fp02.depimtajamar.es\/index.php\/formacion-a-empresas\/\",\"url\":\"https:\/\/fp02.depimtajamar.es\/index.php\/formacion-a-empresas\/\",\"name\":\"Formaci\u00f3n a empresas - fp-professional-education\",\"isPartOf\":{\"@id\":\"https:\/\/fp02.depimtajamar.es\/#website\"},\"primaryImageOfPage\":{\"@id\":\"https:\/\/fp02.depimtajamar.es\/index.php\/formacion-a-empresas\/#primaryimage\"},\"image\":{\"@id\":\"https:\/\/fp02.depimtajamar.es\/index.php\/formacion-a-empresas\/#primaryimage\"},\"thumbnailUrl\":\"https:\/\/fp02.depimtajamar.es\/wp-content\/uploads\/2026\/02\/final-1.png\",\"datePublished\":\"2026-02-02T11:09:25+00:00\",\"dateModified\":\"2026-02-09T11:03:28+00:00\",\"breadcrumb\":{\"@id\":\"https:\/\/fp02.depimtajamar.es\/index.php\/formacion-a-empresas\/#breadcrumb\"},\"inLanguage\":\"es\",\"potentialAction\":[{\"@type\":\"ReadAction\",\"target\":[\"https:\/\/fp02.depimtajamar.es\/index.php\/formacion-a-empresas\/\"]}]},{\"@type\":\"ImageObject\",\"inLanguage\":\"es\",\"@id\":\"https:\/\/fp02.depimtajamar.es\/index.php\/formacion-a-empresas\/#primaryimage\",\"url\":\"https:\/\/fp02.depimtajamar.es\/wp-content\/uploads\/2026\/02\/final-1.png\",\"contentUrl\":\"https:\/\/fp02.depimtajamar.es\/wp-content\/uploads\/2026\/02\/final-1.png\",\"width\":361,\"height\":131},{\"@type\":\"BreadcrumbList\",\"@id\":\"https:\/\/fp02.depimtajamar.es\/index.php\/formacion-a-empresas\/#breadcrumb\",\"itemListElement\":[{\"@type\":\"ListItem\",\"position\":1,\"name\":\"Portada\",\"item\":\"https:\/\/fp02.depimtajamar.es\/\"},{\"@type\":\"ListItem\",\"position\":2,\"name\":\"Formaci\u00f3n a empresas\"}]},{\"@type\":\"WebSite\",\"@id\":\"https:\/\/fp02.depimtajamar.es\/#website\",\"url\":\"https:\/\/fp02.depimtajamar.es\/\",\"name\":\"fp-professional-education\",\"description\":\"Sitio web de la secci\u00f3n de formaci\u00f3n profesional de Tajamar\",\"potentialAction\":[{\"@type\":\"SearchAction\",\"target\":{\"@type\":\"EntryPoint\",\"urlTemplate\":\"https:\/\/fp02.depimtajamar.es\/?s={search_term_string}\"},\"query-input\":{\"@type\":\"PropertyValueSpecification\",\"valueRequired\":true,\"valueName\":\"search_term_string\"}}],\"inLanguage\":\"es\"}]}<\/script>\n<!-- \/ Yoast SEO plugin. -->","yoast_head_json":{"title":"Formaci\u00f3n a empresas - fp-professional-education","robots":{"index":"index","follow":"follow","max-snippet":"max-snippet:-1","max-image-preview":"max-image-preview:large","max-video-preview":"max-video-preview:-1"},"canonical":"https:\/\/fp02.depimtajamar.es\/index.php\/formacion-a-empresas\/","og_locale":"es_ES","og_type":"article","og_title":"Formaci\u00f3n a empresas - fp-professional-education","og_description":"917571813 Facebook X-twitter Youtube Direcci\u00f3n:Calle P\u00edo Felipe 12, 28038, Madrid Tel\u00e9fonos:91 757 18 13\u00a0\/\u00a091 478 34 98 Facebook X-twitter Youtube","og_url":"https:\/\/fp02.depimtajamar.es\/index.php\/formacion-a-empresas\/","og_site_name":"fp-professional-education","article_modified_time":"2026-02-09T11:03:28+00:00","og_image":[{"url":"https:\/\/fp02.depimtajamar.es\/wp-content\/uploads\/2026\/02\/final-1.png","type":"","width":"","height":""}],"twitter_card":"summary_large_image","twitter_misc":{"Tiempo de lectura":"1 minuto"},"schema":{"@context":"https:\/\/schema.org","@graph":[{"@type":"WebPage","@id":"https:\/\/fp02.depimtajamar.es\/index.php\/formacion-a-empresas\/","url":"https:\/\/fp02.depimtajamar.es\/index.php\/formacion-a-empresas\/","name":"Formaci\u00f3n a empresas - fp-professional-education","isPartOf":{"@id":"https:\/\/fp02.depimtajamar.es\/#website"},"primaryImageOfPage":{"@id":"https:\/\/fp02.depimtajamar.es\/index.php\/formacion-a-empresas\/#primaryimage"},"image":{"@id":"https:\/\/fp02.depimtajamar.es\/index.php\/formacion-a-empresas\/#primaryimage"},"thumbnailUrl":"https:\/\/fp02.depimtajamar.es\/wp-content\/uploads\/2026\/02\/final-1.png","datePublished":"2026-02-02T11:09:25+00:00","dateModified":"2026-02-09T11:03:28+00:00","breadcrumb":{"@id":"https:\/\/fp02.depimtajamar.es\/index.php\/formacion-a-empresas\/#breadcrumb"},"inLanguage":"es","potentialAction":[{"@type":"ReadAction","target":["https:\/\/fp02.depimtajamar.es\/index.php\/formacion-a-empresas\/"]}]},{"@type":"ImageObject","inLanguage":"es","@id":"https:\/\/fp02.depimtajamar.es\/index.php\/formacion-a-empresas\/#primaryimage","url":"https:\/\/fp02.depimtajamar.es\/wp-content\/uploads\/2026\/02\/final-1.png","contentUrl":"https:\/\/fp02.depimtajamar.es\/wp-content\/uploads\/2026\/02\/final-1.png","width":361,"height":131},{"@type":"BreadcrumbList","@id":"https:\/\/fp02.depimtajamar.es\/index.php\/formacion-a-empresas\/#breadcrumb","itemListElement":[{"@type":"ListItem","position":1,"name":"Portada","item":"https:\/\/fp02.depimtajamar.es\/"},{"@type":"ListItem","position":2,"name":"Formaci\u00f3n a empresas"}]},{"@type":"WebSite","@id":"https:\/\/fp02.depimtajamar.es\/#website","url":"https:\/\/fp02.depimtajamar.es\/","name":"fp-professional-education","description":"Sitio web de la secci\u00f3n de formaci\u00f3n profesional de Tajamar","potentialAction":[{"@type":"SearchAction","target":{"@type":"EntryPoint","urlTemplate":"https:\/\/fp02.depimtajamar.es\/?s={search_term_string}"},"query-input":{"@type":"PropertyValueSpecification","valueRequired":true,"valueName":"search_term_string"}}],"inLanguage":"es"}]}},"_links":{"self":[{"href":"https:\/\/fp02.depimtajamar.es\/index.php\/wp-json\/wp\/v2\/pages\/34","targetHints":{"allow":["GET"]}}],"collection":[{"href":"https:\/\/fp02.depimtajamar.es\/index.php\/wp-json\/wp\/v2\/pages"}],"about":[{"href":"https:\/\/fp02.depimtajamar.es\/index.php\/wp-json\/wp\/v2\/types\/page"}],"author":[{"embeddable":true,"href":"https:\/\/fp02.depimtajamar.es\/index.php\/wp-json\/wp\/v2\/users\/1"}],"replies":[{"embeddable":true,"href":"https:\/\/fp02.depimtajamar.es\/index.php\/wp-json\/wp\/v2\/comments?post=34"}],"version-history":[{"count":7,"href":"https:\/\/fp02.depimtajamar.es\/index.php\/wp-json\/wp\/v2\/pages\/34\/revisions"}],"predecessor-version":[{"id":903,"href":"https:\/\/fp02.depimtajamar.es\/index.php\/wp-json\/wp\/v2\/pages\/34\/revisions\/903"}],"wp:attachment":[{"href":"https:\/\/fp02.depimtajamar.es\/index.php\/wp-json\/wp\/v2\/media?parent=34"}],"curies":[{"name":"wp","href":"https:\/\/api.w.org\/{rel}","templated":true}]}}